{"id":175,"date":"2026-05-04T20:53:19","date_gmt":"2026-05-04T20:53:19","guid":{"rendered":"https:\/\/mundialgyp.celerydev.com\/?post_type=product&#038;p=175"},"modified":"2026-05-04T20:53:19","modified_gmt":"2026-05-04T20:53:19","slug":"arena-bentonita","status":"publish","type":"product","link":"https:\/\/mundialgyp.celerydev.com\/producto\/arena-bentonita\/","title":{"rendered":"Arena Bentonita"},"content":{"rendered":"<section class=\"text-token-text-primary w-full focus:outline-none [--shadow-height:45px] has-data-writing-block:pointer-events-none has-data-writing-block:-mt-(--shadow-height) has-data-writing-block:pt-(--shadow-height) [&amp;:has([data-writing-block])&gt;*]:pointer-events-auto [content-visibility:auto] supports-[content-visibility:auto]:[contain-intrinsic-size:auto_100lvh] R6Vx5W_threadScrollVars scroll-mb-[calc(var(--scroll-root-safe-area-inset-bottom,0px)+var(--thread-response-height))] scroll-mt-[calc(var(--header-height)+min(200px,max(70px,20svh)))]\" dir=\"auto\" data-turn-id=\"request-WEB:4e148a85-beb4-492f-ab2a-d9fa199a198f-17\" data-testid=\"conversation-turn-16\" data-scroll-anchor=\"false\" data-turn=\"assistant\">\n<div class=\"text-base my-auto mx-auto pb-10 [--thread-content-margin:var(--thread-content-margin-xs,calc(var(--spacing)*4))] @w-sm\/main:[--thread-content-margin:var(--thread-content-margin-sm,calc(var(--spacing)*6))] @w-lg\/main:[--thread-content-margin:var(--thread-content-margin-lg,calc(var(--spacing)*16))] px-(--thread-content-margin)\">\n<div class=\"[--thread-content-max-width:40rem] @w-lg\/main:[--thread-content-max-width:48rem] mx-auto max-w-(--thread-content-max-width) flex-1 group\/turn-messages focus-visible:outline-hidden relative flex w-full min-w-0 flex-col agent-turn\">\n<div class=\"flex max-w-full flex-col gap-4 grow\">\n<div class=\"min-h-8 text-message relative flex w-full flex-col items-end gap-2 text-start break-words whitespace-normal outline-none keyboard-focused:focus-ring [.text-message+&amp;]:mt-1\" dir=\"auto\" tabindex=\"0\" data-message-author-role=\"assistant\" data-message-id=\"5532e9f0-13a8-413b-9fe2-087cd278a44a\" data-message-model-slug=\"gpt-5-5-thinking\" data-turn-start-message=\"true\">\n<div class=\"flex w-full flex-col gap-1 empty:hidden\">\n<div class=\"markdown prose dark:prose-invert w-full wrap-break-word light markdown-new-styling\">\n<p data-start=\"216\" data-end=\"489\">La Arena Bentonita es una opci\u00f3n pr\u00e1ctica y confiable para la higiene diaria de tu gato. Gracias a su capacidad de absorci\u00f3n, ayuda a retener la humedad y formar grumos compactos, facilitando la limpieza del arenero de manera r\u00e1pida y sencilla.<\/p>\n<p data-start=\"491\" data-end=\"792\">Su f\u00f3rmula est\u00e1 pensada para mantener el espacio de tu mascota m\u00e1s seco, limpio y fresco, ayudando a controlar los malos olores y mejorando la comodidad dentro del hogar. Adem\u00e1s, su textura granulada resulta familiar y c\u00f3moda para las patitas del gato, favoreciendo una buena adaptaci\u00f3n al uso diario.<\/p>\n<p data-start=\"794\" data-end=\"962\">Ideal para gatos de todas las edades, la Arena Bentonita combina rendimiento, practicidad y limpieza para mantener el arenero en mejores condiciones por m\u00e1s tiempo.<\/p>\n<h3 data-start=\"964\" data-end=\"990\"><strong data-start=\"964\" data-end=\"990\">Beneficios destacados:<\/strong><\/h3>\n<ul data-start=\"991\" data-end=\"1166\" data-is-last-node=\"\" data-is-only-node=\"\">\n<li data-section-id=\"ugf68o\" data-start=\"991\" data-end=\"1022\">Buena capacidad de absorci\u00f3n.<\/li>\n<li data-section-id=\"f2wrw0\" data-start=\"1023\" data-end=\"1047\">Aglomeraci\u00f3n pr\u00e1ctica.<\/li>\n<li data-section-id=\"1cy2uz3\" data-start=\"1048\" data-end=\"1081\">Ayuda a controlar malos olores.<\/li>\n<li data-section-id=\"d569vi\" data-start=\"1082\" data-end=\"1106\">F\u00e1cil limpieza diaria.<\/li>\n<li data-section-id=\"1tht5y3\" data-start=\"1107\" data-end=\"1138\">Mantiene el arenero m\u00e1s seco.<\/li>\n<li data-section-id=\"b0sxmc\" data-start=\"1139\" data-end=\"1166\" data-is-last-node=\"\">Ideal para uso cotidiano.<\/li>\n<\/ul>\n<\/div>\n<\/div>\n<\/div>\n<\/div>\n<div class=\"z-0 flex min-h-[46px] justify-start\"><\/div>\n<\/div>\n<\/div>\n<\/section>\n<div class=\"pointer-events-none -mt-px h-px translate-y-[calc(var(--scroll-root-safe-area-inset-bottom)-14*var(--spacing))]\" aria-hidden=\"true\"><\/div>\n","protected":false},"excerpt":{"rendered":"<p>Arena sanitaria de bentonita, absorbente y aglomerante, ideal para mantener el arenero de tu gato limpio, seco y con mejor control de olores en el uso diario.<\/p>\n","protected":false},"featured_media":186,"comment_status":"open","ping_status":"closed","template":"","meta":[],"product_brand":[27],"product_cat":[26],"product_tag":[],"class_list":{"0":"post-175","1":"product","2":"type-product","3":"status-publish","4":"has-post-thumbnail","6":"product_brand-popis-cat","7":"product_cat-arena","9":"first","10":"instock","11":"shipping-taxable","12":"product-type-variable"},"_links":{"self":[{"href":"https:\/\/mundialgyp.celerydev.com\/wp-json\/wp\/v2\/product\/175","targetHints":{"allow":["GET"]}}],"collection":[{"href":"https:\/\/mundialgyp.celerydev.com\/wp-json\/wp\/v2\/product"}],"about":[{"href":"https:\/\/mundialgyp.celerydev.com\/wp-json\/wp\/v2\/types\/product"}],"replies":[{"embeddable":true,"href":"https:\/\/mundialgyp.celerydev.com\/wp-json\/wp\/v2\/comments?post=175"}],"wp:featuredmedia":[{"embeddable":true,"href":"https:\/\/mundialgyp.celerydev.com\/wp-json\/wp\/v2\/media\/186"}],"wp:attachment":[{"href":"https:\/\/mundialgyp.celerydev.com\/wp-json\/wp\/v2\/media?parent=175"}],"wp:term":[{"taxonomy":"product_brand","embeddable":true,"href":"https:\/\/mundialgyp.celerydev.com\/wp-json\/wp\/v2\/product_brand?post=175"},{"taxonomy":"product_cat","embeddable":true,"href":"https:\/\/mundialgyp.celerydev.com\/wp-json\/wp\/v2\/product_cat?post=175"},{"taxonomy":"product_tag","embeddable":true,"href":"https:\/\/mundialgyp.celerydev.com\/wp-json\/wp\/v2\/product_tag?post=175"}],"curies":[{"name":"wp","href":"https:\/\/api.w.org\/{rel}","templated":true}]}}