{"id":157,"date":"2026-05-04T20:45:01","date_gmt":"2026-05-04T20:45:01","guid":{"rendered":"https:\/\/mundialgyp.celerydev.com\/?post_type=product&#038;p=157"},"modified":"2026-05-04T20:45:01","modified_gmt":"2026-05-04T20:45:01","slug":"arena-freemiau","status":"publish","type":"product","link":"https:\/\/mundialgyp.celerydev.com\/producto\/arena-freemiau\/","title":{"rendered":"Arena Freemiau"},"content":{"rendered":"<p>La Arena Freemiau est\u00e1 pensada para ofrecer una experiencia m\u00e1s c\u00f3moda, limpia y pr\u00e1ctica tanto para tu gato como para tu hogar. Su capacidad de absorci\u00f3n ayuda a retener la humedad de forma eficiente, manteniendo el arenero m\u00e1s seco y facilitando la limpieza diaria.<\/p>\n<p>Gracias a su rendimiento y control de olores, es una excelente opci\u00f3n para quienes buscan una arena sanitaria funcional, confiable y adecuada para el uso cotidiano. Su textura resulta c\u00f3moda para las patitas de tu mascota, ayudando a que el gato se adapte f\u00e1cilmente al arenero.<\/p>\n<p>Ideal para gatos de todas las edades, la Arena Freemiau combina higiene, frescura y practicidad para mantener el espacio de tu mascota limpio por m\u00e1s tiempo.<\/p>\n<h3>Beneficios destacados:<\/h3>\n<ul>\n<li>Buena capacidad de absorci\u00f3n.<\/li>\n<li>Ayuda a controlar malos olores.<\/li>\n<li>F\u00e1cil limpieza diaria.<\/li>\n<li>Mantiene el arenero m\u00e1s seco.<\/li>\n<li>C\u00f3moda para las patitas.<\/li>\n<li>Ideal para uso diario.<\/li>\n<\/ul>\n","protected":false},"excerpt":{"rendered":"<p data-start=\"30\" data-end=\"221\">Arena sanitaria Freemiau, pr\u00e1ctica, absorbente y f\u00e1cil de limpiar. Ayuda a mantener el arenero de tu gato seco, fresco y con mejor control de olores en el uso diario.<\/p>\n<p data-start=\"223\" data-end=\"519\">\n","protected":false},"featured_media":167,"comment_status":"open","ping_status":"closed","template":"","meta":[],"product_brand":[27],"product_cat":[26],"product_tag":[],"class_list":{"0":"post-157","1":"product","2":"type-product","3":"status-publish","4":"has-post-thumbnail","6":"product_brand-popis-cat","7":"product_cat-arena","9":"first","10":"instock","11":"shipping-taxable","12":"product-type-variable"},"_links":{"self":[{"href":"https:\/\/mundialgyp.celerydev.com\/wp-json\/wp\/v2\/product\/157","targetHints":{"allow":["GET"]}}],"collection":[{"href":"https:\/\/mundialgyp.celerydev.com\/wp-json\/wp\/v2\/product"}],"about":[{"href":"https:\/\/mundialgyp.celerydev.com\/wp-json\/wp\/v2\/types\/product"}],"replies":[{"embeddable":true,"href":"https:\/\/mundialgyp.celerydev.com\/wp-json\/wp\/v2\/comments?post=157"}],"wp:featuredmedia":[{"embeddable":true,"href":"https:\/\/mundialgyp.celerydev.com\/wp-json\/wp\/v2\/media\/167"}],"wp:attachment":[{"href":"https:\/\/mundialgyp.celerydev.com\/wp-json\/wp\/v2\/media?parent=157"}],"wp:term":[{"taxonomy":"product_brand","embeddable":true,"href":"https:\/\/mundialgyp.celerydev.com\/wp-json\/wp\/v2\/product_brand?post=157"},{"taxonomy":"product_cat","embeddable":true,"href":"https:\/\/mundialgyp.celerydev.com\/wp-json\/wp\/v2\/product_cat?post=157"},{"taxonomy":"product_tag","embeddable":true,"href":"https:\/\/mundialgyp.celerydev.com\/wp-json\/wp\/v2\/product_tag?post=157"}],"curies":[{"name":"wp","href":"https:\/\/api.w.org\/{rel}","templated":true}]}}