{"id":152,"date":"2026-05-04T20:34:48","date_gmt":"2026-05-04T20:34:48","guid":{"rendered":"https:\/\/mundialgyp.celerydev.com\/?post_type=product&#038;p=152"},"modified":"2026-05-04T20:34:48","modified_gmt":"2026-05-04T20:34:48","slug":"arena-de-maiz-natural","status":"publish","type":"product","link":"https:\/\/mundialgyp.celerydev.com\/producto\/arena-de-maiz-natural\/","title":{"rendered":"Arena de Ma\u00edz Natural"},"content":{"rendered":"<section class=\"text-token-text-primary w-full focus:outline-none [--shadow-height:45px] has-data-writing-block:pointer-events-none has-data-writing-block:-mt-(--shadow-height) has-data-writing-block:pt-(--shadow-height) [&amp;:has([data-writing-block])&gt;*]:pointer-events-auto [content-visibility:auto] supports-[content-visibility:auto]:[contain-intrinsic-size:auto_100lvh] R6Vx5W_threadScrollVars scroll-mb-[calc(var(--scroll-root-safe-area-inset-bottom,0px)+var(--thread-response-height))] scroll-mt-[calc(var(--header-height)+min(200px,max(70px,20svh)))]\" dir=\"auto\" data-turn-id=\"request-WEB:4e148a85-beb4-492f-ab2a-d9fa199a198f-14\" data-testid=\"conversation-turn-10\" data-scroll-anchor=\"false\" data-turn=\"assistant\">\n<div class=\"text-base my-auto mx-auto pb-10 [--thread-content-margin:var(--thread-content-margin-xs,calc(var(--spacing)*4))] @w-sm\/main:[--thread-content-margin:var(--thread-content-margin-sm,calc(var(--spacing)*6))] @w-lg\/main:[--thread-content-margin:var(--thread-content-margin-lg,calc(var(--spacing)*16))] px-(--thread-content-margin)\">\n<div class=\"[--thread-content-max-width:40rem] @w-lg\/main:[--thread-content-max-width:48rem] mx-auto max-w-(--thread-content-max-width) flex-1 group\/turn-messages focus-visible:outline-hidden relative flex w-full min-w-0 flex-col agent-turn\">\n<div class=\"flex max-w-full flex-col gap-4 grow\">\n<div class=\"min-h-8 text-message relative flex w-full flex-col items-end gap-2 text-start break-words whitespace-normal outline-none keyboard-focused:focus-ring [.text-message+&amp;]:mt-1\" dir=\"auto\" tabindex=\"0\" data-message-author-role=\"assistant\" data-message-id=\"35ee3a86-3b05-49df-9dc2-c35e36af94b3\" data-message-model-slug=\"gpt-5-5-thinking\" data-turn-start-message=\"true\">\n<div class=\"flex w-full flex-col gap-1 empty:hidden\">\n<div class=\"markdown prose dark:prose-invert w-full wrap-break-word light markdown-new-styling\">\n<p data-start=\"235\" data-end=\"550\">La Arena de Ma\u00edz Natural es una alternativa vegetal, c\u00f3moda y eficiente para la higiene diaria de tu gato. Elaborada a base de ma\u00edz, ofrece buena capacidad de absorci\u00f3n y ayuda a mantener el arenero seco por m\u00e1s tiempo, facilitando la limpieza y reduciendo la presencia de malos olores.<\/p>\n<p data-start=\"552\" data-end=\"801\">Su composici\u00f3n natural la convierte en una opci\u00f3n m\u00e1s amigable para el hogar, con una textura ligera y c\u00f3moda para las patitas de tu mascota. Es ideal para quienes buscan una arena sanitaria pr\u00e1ctica, de origen vegetal y adecuada para el uso diario.<\/p>\n<p data-start=\"803\" data-end=\"992\">Perfecta para gatos de todas las edades, la Arena de Ma\u00edz Natural combina higiene, frescura y comodidad en un producto pensado para el bienestar de tu mascota y la limpieza de tu hogar.<\/p>\n<h3 data-start=\"994\" data-end=\"1020\"><strong data-start=\"994\" data-end=\"1020\">Beneficios destacados:<\/strong><\/h3>\n<ul data-start=\"1021\" data-end=\"1167\" data-is-last-node=\"\" data-is-only-node=\"\">\n<li data-section-id=\"lolftn\" data-start=\"1021\" data-end=\"1048\">Elaborada a base de ma\u00edz.<\/li>\n<li data-section-id=\"1c7nau9\" data-start=\"1049\" data-end=\"1067\">Buena absorci\u00f3n.<\/li>\n<li data-section-id=\"12t4jir\" data-start=\"1068\" data-end=\"1095\">Ayuda a controlar olores.<\/li>\n<li data-section-id=\"1jj330n\" data-start=\"1096\" data-end=\"1122\">Textura ligera y c\u00f3moda.<\/li>\n<li data-section-id=\"14n9hac\" data-start=\"1123\" data-end=\"1142\">F\u00e1cil de limpiar.<\/li>\n<li data-section-id=\"bxprow\" data-start=\"1143\" data-end=\"1167\" data-is-last-node=\"\">Ideal para uso diario.<\/li>\n<\/ul>\n<\/div>\n<\/div>\n<\/div>\n<\/div>\n<div class=\"z-0 flex min-h-[46px] justify-start\"><\/div>\n<\/div>\n<\/div>\n<\/section>\n<div class=\"pointer-events-none -mt-px h-px translate-y-[calc(var(--scroll-root-safe-area-inset-bottom)-14*var(--spacing))]\" aria-hidden=\"true\"><\/div>\n","protected":false},"excerpt":{"rendered":"<p>Arena sanitaria natural de ma\u00edz, absorbente, ligera y pr\u00e1ctica para el uso diario. Ayuda a controlar los malos olores y mantiene el arenero de tu gato m\u00e1s limpio y fresco.<\/p>\n","protected":false},"featured_media":156,"comment_status":"open","ping_status":"closed","template":"","meta":[],"product_brand":[27],"product_cat":[26],"product_tag":[],"class_list":{"0":"post-152","1":"product","2":"type-product","3":"status-publish","4":"has-post-thumbnail","6":"product_brand-popis-cat","7":"product_cat-arena","9":"first","10":"instock","11":"shipping-taxable","12":"product-type-variable"},"_links":{"self":[{"href":"https:\/\/mundialgyp.celerydev.com\/wp-json\/wp\/v2\/product\/152","targetHints":{"allow":["GET"]}}],"collection":[{"href":"https:\/\/mundialgyp.celerydev.com\/wp-json\/wp\/v2\/product"}],"about":[{"href":"https:\/\/mundialgyp.celerydev.com\/wp-json\/wp\/v2\/types\/product"}],"replies":[{"embeddable":true,"href":"https:\/\/mundialgyp.celerydev.com\/wp-json\/wp\/v2\/comments?post=152"}],"wp:featuredmedia":[{"embeddable":true,"href":"https:\/\/mundialgyp.celerydev.com\/wp-json\/wp\/v2\/media\/156"}],"wp:attachment":[{"href":"https:\/\/mundialgyp.celerydev.com\/wp-json\/wp\/v2\/media?parent=152"}],"wp:term":[{"taxonomy":"product_brand","embeddable":true,"href":"https:\/\/mundialgyp.celerydev.com\/wp-json\/wp\/v2\/product_brand?post=152"},{"taxonomy":"product_cat","embeddable":true,"href":"https:\/\/mundialgyp.celerydev.com\/wp-json\/wp\/v2\/product_cat?post=152"},{"taxonomy":"product_tag","embeddable":true,"href":"https:\/\/mundialgyp.celerydev.com\/wp-json\/wp\/v2\/product_tag?post=152"}],"curies":[{"name":"wp","href":"https:\/\/api.w.org\/{rel}","templated":true}]}}