{"id":126,"date":"2026-05-04T20:02:05","date_gmt":"2026-05-04T20:02:05","guid":{"rendered":"https:\/\/mundialgyp.celerydev.com\/?post_type=product&#038;p=126"},"modified":"2026-05-04T20:28:29","modified_gmt":"2026-05-04T20:28:29","slug":"arena-tofu-natural-2-5-kilos","status":"publish","type":"product","link":"https:\/\/mundialgyp.celerydev.com\/producto\/arena-tofu-natural-2-5-kilos\/","title":{"rendered":"Arena tofu Popi\u00b4s Cat"},"content":{"rendered":"<section class=\"text-token-text-primary w-full focus:outline-none [--shadow-height:45px] has-data-writing-block:pointer-events-none has-data-writing-block:-mt-(--shadow-height) has-data-writing-block:pt-(--shadow-height) [&amp;:has([data-writing-block])&gt;*]:pointer-events-auto [content-visibility:auto] supports-[content-visibility:auto]:[contain-intrinsic-size:auto_100lvh] R6Vx5W_threadScrollVars scroll-mb-[calc(var(--scroll-root-safe-area-inset-bottom,0px)+var(--thread-response-height))] scroll-mt-[calc(var(--header-height)+min(200px,max(70px,20svh)))]\" dir=\"auto\" data-turn-id=\"request-WEB:4e148a85-beb4-492f-ab2a-d9fa199a198f-11\" data-testid=\"conversation-turn-4\" data-scroll-anchor=\"false\" data-turn=\"assistant\">\n<div class=\"text-base my-auto mx-auto pb-10 [--thread-content-margin:var(--thread-content-margin-xs,calc(var(--spacing)*4))] @w-sm\/main:[--thread-content-margin:var(--thread-content-margin-sm,calc(var(--spacing)*6))] @w-lg\/main:[--thread-content-margin:var(--thread-content-margin-lg,calc(var(--spacing)*16))] px-(--thread-content-margin)\">\n<div class=\"[--thread-content-max-width:40rem] @w-lg\/main:[--thread-content-max-width:48rem] mx-auto max-w-(--thread-content-max-width) flex-1 group\/turn-messages focus-visible:outline-hidden relative flex w-full min-w-0 flex-col agent-turn\">\n<div class=\"flex max-w-full flex-col gap-4 grow\">\n<div class=\"min-h-8 text-message relative flex w-full flex-col items-end gap-2 text-start break-words whitespace-normal outline-none keyboard-focused:focus-ring [.text-message+&amp;]:mt-1\" dir=\"auto\" tabindex=\"0\" data-message-author-role=\"assistant\" data-message-id=\"88b7be2f-d1c9-4c78-8db2-e19e5667ca09\" data-message-model-slug=\"gpt-5-5-thinking\" data-turn-start-message=\"true\">\n<div class=\"flex w-full flex-col gap-1 empty:hidden\">\n<div class=\"markdown prose dark:prose-invert w-full wrap-break-word light markdown-new-styling\">\n<p>La Arena Tofu Popi\u2019s Cat es una excelente alternativa para quienes buscan una arena sanitaria m\u00e1s limpia, c\u00f3moda y eficiente para sus gatos.<\/p>\n<p>Su f\u00f3rmula a base de tofu permite una r\u00e1pida absorci\u00f3n de l\u00edquidos y una buena formaci\u00f3n de grumos, facilitando la limpieza diaria del arenero.<\/p>\n<p>Gracias a su composici\u00f3n vegetal, es suave con las patitas de tu mascota y ayuda a reducir el polvo en comparaci\u00f3n con arenas tradicionales. Adem\u00e1s, contribuye a mantener el ambiente del hogar m\u00e1s fresco, controlando los malos olores de forma pr\u00e1ctica.<\/p>\n<p>Ideal para gatos de todas las edades, Popi\u2019s Cat combina comodidad, higiene y rendimiento en un producto pensado para el bienestar de tu mascota y la limpieza de tu hogar.<\/p>\n<h3>\n<strong>Beneficios destacados:<\/strong><\/h3>\n<ul>\n<li>Alta absorci\u00f3n.<\/li>\n<li>Aglomeraci\u00f3n r\u00e1pida.<\/li>\n<li>Control de malos olores.<\/li>\n<li>Textura suave para las patitas.<\/li>\n<li>F\u00e1cil de limpiar.<\/li>\n<li>Ideal para uso diario.<\/li>\n<\/ul>\n<p>&nbsp;<\/p>\n<\/div>\n<\/div>\n<\/div>\n<\/div>\n<div class=\"z-0 flex min-h-[46px] justify-start\"><\/div>\n<\/div>\n<\/div>\n<\/section>\n<div class=\"pointer-events-none -mt-px h-px translate-y-[calc(var(--scroll-root-safe-area-inset-bottom)-14*var(--spacing))]\" aria-hidden=\"true\"><\/div>\n","protected":false},"excerpt":{"rendered":"<p>Arena sanitaria de tofu Popi\u2019s Cat, absorbente, aglomerante y pr\u00e1ctica para el uso diario. Ayuda a controlar los malos olores y mantiene el arenero de tu gato limpio por m\u00e1s tiempo.<\/p>\n","protected":false},"featured_media":138,"comment_status":"open","ping_status":"closed","template":"","meta":[],"product_brand":[27],"product_cat":[26],"product_tag":[],"class_list":{"0":"post-126","1":"product","2":"type-product","3":"status-publish","4":"has-post-thumbnail","6":"product_brand-popis-cat","7":"product_cat-arena","9":"first","10":"instock","11":"shipping-taxable","12":"product-type-variable"},"_links":{"self":[{"href":"https:\/\/mundialgyp.celerydev.com\/wp-json\/wp\/v2\/product\/126","targetHints":{"allow":["GET"]}}],"collection":[{"href":"https:\/\/mundialgyp.celerydev.com\/wp-json\/wp\/v2\/product"}],"about":[{"href":"https:\/\/mundialgyp.celerydev.com\/wp-json\/wp\/v2\/types\/product"}],"replies":[{"embeddable":true,"href":"https:\/\/mundialgyp.celerydev.com\/wp-json\/wp\/v2\/comments?post=126"}],"wp:featuredmedia":[{"embeddable":true,"href":"https:\/\/mundialgyp.celerydev.com\/wp-json\/wp\/v2\/media\/138"}],"wp:attachment":[{"href":"https:\/\/mundialgyp.celerydev.com\/wp-json\/wp\/v2\/media?parent=126"}],"wp:term":[{"taxonomy":"product_brand","embeddable":true,"href":"https:\/\/mundialgyp.celerydev.com\/wp-json\/wp\/v2\/product_brand?post=126"},{"taxonomy":"product_cat","embeddable":true,"href":"https:\/\/mundialgyp.celerydev.com\/wp-json\/wp\/v2\/product_cat?post=126"},{"taxonomy":"product_tag","embeddable":true,"href":"https:\/\/mundialgyp.celerydev.com\/wp-json\/wp\/v2\/product_tag?post=126"}],"curies":[{"name":"wp","href":"https:\/\/api.w.org\/{rel}","templated":true}]}}